{"id":4475,"date":"2020-07-08T18:42:18","date_gmt":"2020-07-08T18:42:18","guid":{"rendered":"https:\/\/www.manualidadesdemart.com\/wp\/?post_type=product&#038;p=4475"},"modified":"2020-07-22T20:00:14","modified_gmt":"2020-07-22T20:00:14","slug":"gelina-nacarada-pintura-multicolor","status":"publish","type":"product","link":"https:\/\/www.manualidadesdemart.com\/wp\/product\/gelina-nacarada-pintura-multicolor\/","title":{"rendered":"Gelina Nacarada pintura multicolor"},"content":{"rendered":"<h1 class=\"product-title entry-title\">Gelina pintura multicolor nacarada<\/h1>\n<p>Pintura en gel con part\u00edculas multicolor nacaradas, es ideal para imitar texturas tales como bordados, m\u00e1rmol, y piedra. Tiene gran adherencia sobre superficies como madera, cer\u00e1mica, resina, velas, entre otros. Se recomienda aplicarlo en cantidades abundantes con pincel de abanico duro.<\/p>\n","protected":false},"excerpt":{"rendered":"<p>Gelina Nacarada pintura multicolor<\/p>\n<p>Pintura en gel con part\u00edculas multicolor nacaradas, es ideal para imitar texturas tales como bordados, m\u00e1rmol, y piedra.<\/p>\n<p>50 GR.<\/p>\n","protected":false},"featured_media":4478,"template":"","meta":{"spay_email":""},"class_list":["post-4475","product","type-product","status-publish","has-post-thumbnail","hentry","product_cat-acabados","product_tag-ceramica","product_tag-efecto-marmol","product_tag-efecto-piedra","product_tag-madera","product_tag-resina","product_tag-velas"],"_links":{"self":[{"href":"https:\/\/www.manualidadesdemart.com\/wp\/wp-json\/wp\/v2\/product\/4475","targetHints":{"allow":["GET"]}}],"collection":[{"href":"https:\/\/www.manualidadesdemart.com\/wp\/wp-json\/wp\/v2\/product"}],"about":[{"href":"https:\/\/www.manualidadesdemart.com\/wp\/wp-json\/wp\/v2\/types\/product"}],"wp:featuredmedia":[{"embeddable":true,"href":"https:\/\/www.manualidadesdemart.com\/wp\/wp-json\/wp\/v2\/media\/4478"}],"wp:attachment":[{"href":"https:\/\/www.manualidadesdemart.com\/wp\/wp-json\/wp\/v2\/media?parent=4475"}],"curies":[{"name":"wp","href":"https:\/\/api.w.org\/{rel}","templated":true}]}}