{"id":3971,"date":"2020-07-03T20:04:04","date_gmt":"2020-07-03T20:04:04","guid":{"rendered":"https:\/\/www.manualidadesdemart.com\/wp\/?post_type=product&#038;p=3971"},"modified":"2020-07-22T21:41:44","modified_gmt":"2020-07-22T21:41:44","slug":"tersacolor-diamantados","status":"publish","type":"product","link":"https:\/\/www.manualidadesdemart.com\/wp\/product\/tersacolor-diamantados\/","title":{"rendered":"Tersacolor DIAMANTADOS"},"content":{"rendered":"<h1 class=\"product_title entry-title\">Tersacolor DIAMANTADOS<\/h1>\n<div>\n<p>Es un producto para hacer estampado, es por eso que la tela tendr\u00e1 un acabado terso y suave que no modifica la ca\u00edda de la tela por lo cual se recomienda especialmente para telas fabricadas con algod\u00f3n o mezclas de fibras naturales o sint\u00e9ticas, delgadas y pesadas. Su consistencia cremosa permite una aplicaci\u00f3n f\u00e1cil. Dejar secar por lo menos 24 horas.<\/p>\n<p>Tersacolor\u00a0 ya est\u00e1 dise\u00f1ado para penetrar en las telas, pero si se requiere de una mejor fijaci\u00f3n a la tela, simplemente planchando la prenda ya terminada \u00a0y previamente seca durante 72 horas; colocando un lienzo por debajo de la prenda como por encima para que proteja del calor de la plancha con temperatura media y esta no maltrate la parte pintada.<\/p>\n<p>*** Los colores aqu\u00ed mostrados son aproximados a los reales.<\/p>\n<\/div>\n","protected":false},"excerpt":{"rendered":"<p>Tersacolor DIAMANTADOS<\/p>\n<p>Es un producto para hacer estampado, es por eso que la tela tendr\u00e1 un acabado terso y suave que no modifica la ca\u00edda de la tela.<\/p>\n<p>30 ML.<\/p>\n","protected":false},"featured_media":3979,"template":"","meta":{"spay_email":""},"class_list":["post-3971","product","type-product","status-publish","has-post-thumbnail","hentry","product_cat-textiles","product_tag-pintura-metalica","product_tag-pintura-textil","product_tag-textil"],"_links":{"self":[{"href":"https:\/\/www.manualidadesdemart.com\/wp\/wp-json\/wp\/v2\/product\/3971","targetHints":{"allow":["GET"]}}],"collection":[{"href":"https:\/\/www.manualidadesdemart.com\/wp\/wp-json\/wp\/v2\/product"}],"about":[{"href":"https:\/\/www.manualidadesdemart.com\/wp\/wp-json\/wp\/v2\/types\/product"}],"wp:featuredmedia":[{"embeddable":true,"href":"https:\/\/www.manualidadesdemart.com\/wp\/wp-json\/wp\/v2\/media\/3979"}],"wp:attachment":[{"href":"https:\/\/www.manualidadesdemart.com\/wp\/wp-json\/wp\/v2\/media?parent=3971"}],"curies":[{"name":"wp","href":"https:\/\/api.w.org\/{rel}","templated":true}]}}