{"id":3722,"date":"2020-07-02T21:46:54","date_gmt":"2020-07-02T21:46:54","guid":{"rendered":"https:\/\/www.manualidadesdemart.com\/wp\/?post_type=product&#038;p=3722"},"modified":"2020-07-22T21:41:23","modified_gmt":"2020-07-22T21:41:23","slug":"aplicador-para-vitral","status":"publish","type":"product","link":"https:\/\/www.manualidadesdemart.com\/wp\/product\/aplicador-para-vitral\/","title":{"rendered":"Aplicador para vitral"},"content":{"rendered":"<h1 class=\"product_title entry-title\">Aplicador para vitral<\/h1>\n<div>Creado para facilitar el uso de Vitracolor es un producto especial con el que eliminamos molestos goteos o cucharas que necesitan limpieza cada vez que cambiamos color. Vierta Vitracolor en el aplicador cierre el aplicador y perfore la punta con una aguja de canev\u00e1. Aplique Vitracolor, por goteo, en los espacios marcados por el delineado del emplomado, utilizando Vitracolor con combinaciones a su gusto incluso puede hacer mezclas aplicando m\u00e1s de un color en cada \u00e1rea. El Aplicador es un buen contenedor este mantendr\u00e1 el Vitracolor en condiciones \u00f3ptimas para volver a usarlo, no es necesario vaciar nuevamente al recipiente de Vitracolor.<\/div>\n","protected":false},"excerpt":{"rendered":"<p>Aplicador para vitral<br \/>\nCreado para facilitar el uso de Vitracolor es un producto especial con el que eliminamos molestos goteos o cucharas que necesitan limpieza cada vez que cambiamos color.<\/p>\n<p>60 ml<\/p>\n","protected":false},"featured_media":3723,"template":"","meta":{"spay_email":""},"class_list":["post-3722","product","type-product","status-publish","has-post-thumbnail","hentry","product_cat-vidrio-y-repujado","product_tag-pintura-para-vidrio","product_tag-vitracolor","product_tag-vitral"],"_links":{"self":[{"href":"https:\/\/www.manualidadesdemart.com\/wp\/wp-json\/wp\/v2\/product\/3722","targetHints":{"allow":["GET"]}}],"collection":[{"href":"https:\/\/www.manualidadesdemart.com\/wp\/wp-json\/wp\/v2\/product"}],"about":[{"href":"https:\/\/www.manualidadesdemart.com\/wp\/wp-json\/wp\/v2\/types\/product"}],"wp:featuredmedia":[{"embeddable":true,"href":"https:\/\/www.manualidadesdemart.com\/wp\/wp-json\/wp\/v2\/media\/3723"}],"wp:attachment":[{"href":"https:\/\/www.manualidadesdemart.com\/wp\/wp-json\/wp\/v2\/media?parent=3722"}],"curies":[{"name":"wp","href":"https:\/\/api.w.org\/{rel}","templated":true}]}}