{"id":3696,"date":"2020-06-30T21:14:34","date_gmt":"2020-06-30T21:14:34","guid":{"rendered":"https:\/\/www.manualidadesdemart.com\/wp\/?post_type=product&#038;p=3696"},"modified":"2020-07-22T21:41:23","modified_gmt":"2020-07-22T21:41:23","slug":"texturizador","status":"publish","type":"product","link":"https:\/\/www.manualidadesdemart.com\/wp\/product\/texturizador\/","title":{"rendered":"Texturizador"},"content":{"rendered":"<h1 class=\"product_title entry-title\">Texturizador<\/h1>\n<div>\n<p>Combinaci\u00f3n de resina 100% acr\u00edlica base agua con arena s\u00edlice de tama\u00f1o sim\u00e9trico, no es t\u00f3xico. Aplicable sobre cer\u00e1mica, madera, cart\u00f3n, tela y cualquier otra superficie a la que se le quiera dar dimensionalidad.<\/p>\n<\/div>\n","protected":false},"excerpt":{"rendered":"<p>Combinaci\u00f3n de resina 100% acr\u00edlica base agua con arena s\u00edlice.<\/p>\n","protected":false},"featured_media":3658,"template":"","meta":{"spay_email":""},"class_list":["post-3696","product","type-product","status-publish","has-post-thumbnail","hentry","product_cat-acabados","product_tag-dimensional","product_tag-pintura-3d","product_tag-pintura-dimensional","product_tag-texturas"],"_links":{"self":[{"href":"https:\/\/www.manualidadesdemart.com\/wp\/wp-json\/wp\/v2\/product\/3696","targetHints":{"allow":["GET"]}}],"collection":[{"href":"https:\/\/www.manualidadesdemart.com\/wp\/wp-json\/wp\/v2\/product"}],"about":[{"href":"https:\/\/www.manualidadesdemart.com\/wp\/wp-json\/wp\/v2\/types\/product"}],"wp:featuredmedia":[{"embeddable":true,"href":"https:\/\/www.manualidadesdemart.com\/wp\/wp-json\/wp\/v2\/media\/3658"}],"wp:attachment":[{"href":"https:\/\/www.manualidadesdemart.com\/wp\/wp-json\/wp\/v2\/media?parent=3696"}],"curies":[{"name":"wp","href":"https:\/\/api.w.org\/{rel}","templated":true}]}}