{"id":3572,"date":"2020-06-22T22:04:45","date_gmt":"2020-06-22T22:04:45","guid":{"rendered":"https:\/\/www.manualidadesdemart.com\/wp\/?post_type=product&#038;p=3572"},"modified":"2020-07-09T23:14:42","modified_gmt":"2020-07-09T23:14:42","slug":"acrilicos-profesionales-nacarados-100-ml","status":"publish","type":"product","link":"https:\/\/www.manualidadesdemart.com\/wp\/product\/acrilicos-profesionales-nacarados-100-ml\/","title":{"rendered":"Acrilicos Profesionales Nacarados 100 ML"},"content":{"rendered":"<h1 class=\"product_title entry-title\">Acrilicos Profesionales Nacarados 100 ML<\/h1>\n<div><\/div>\n<div>\n<p>Es una pintura acr\u00edlica profesional para artistas, elaborada con resina acr\u00edlica, cargas aditivas y pigmentos de la m\u00e1s alta calidad, son de consistencia cremosa, pastosa y con buen poder cubriente, este \u00faltimo factor va a depender del poder natural tint\u00f3reo de cada color. Se pueden mezclar entre s\u00ed para crear nuevos colores. Puede aplicarse directamente sobre la superficie que se desee. Creando efectos de textura con el trabajo en esp\u00e1tula o pincel y por su caracter\u00edstica espesa, pastosa, ideal para crear los efectos deseados por los artistas profesionales.<\/p>\n<\/div>\n<p>*** Los colores aqu\u00ed mostrados son aproximados a los reales.<\/p>\n","protected":false},"excerpt":{"rendered":"<p>Acrilicos Profesionales Nacarados 100 ML<\/p>\n","protected":false},"featured_media":3609,"template":"","meta":{"spay_email":""},"class_list":["post-3572","product","type-product","status-publish","has-post-thumbnail","hentry","product_cat-acrilicos","product_tag-base-agua","product_tag-escuela","product_tag-infantil","product_tag-manualidades","product_tag-pintura-para-ninos"],"_links":{"self":[{"href":"https:\/\/www.manualidadesdemart.com\/wp\/wp-json\/wp\/v2\/product\/3572","targetHints":{"allow":["GET"]}}],"collection":[{"href":"https:\/\/www.manualidadesdemart.com\/wp\/wp-json\/wp\/v2\/product"}],"about":[{"href":"https:\/\/www.manualidadesdemart.com\/wp\/wp-json\/wp\/v2\/types\/product"}],"wp:featuredmedia":[{"embeddable":true,"href":"https:\/\/www.manualidadesdemart.com\/wp\/wp-json\/wp\/v2\/media\/3609"}],"wp:attachment":[{"href":"https:\/\/www.manualidadesdemart.com\/wp\/wp-json\/wp\/v2\/media?parent=3572"}],"curies":[{"name":"wp","href":"https:\/\/api.w.org\/{rel}","templated":true}]}}