{"id":2325,"date":"2020-05-30T20:03:32","date_gmt":"2020-05-30T20:03:32","guid":{"rendered":"https:\/\/www.manualidadesdemart.com\/wp\/?post_type=product&#038;p=2325"},"modified":"2020-07-09T23:14:30","modified_gmt":"2020-07-09T23:14:30","slug":"acrilicos-nacarados-metalicos-30-ml","status":"publish","type":"product","link":"https:\/\/www.manualidadesdemart.com\/wp\/product\/acrilicos-nacarados-metalicos-30-ml\/","title":{"rendered":"Acr\u00edlicos Crea Nacarados 30 ML"},"content":{"rendered":"<h1 class=\"product_title entry-title\">Acr\u00edlicos Nacarados Met\u00e1licos<\/h1>\n<div><\/div>\n<div>\n<p>Pintura acr\u00edlica de base agua, no t\u00f3xica, ya que no contienen elementos contaminantes que ataquen a la piel, no despiden olores irritantes; con consistencia cremosa y fluida de buen poder cubriente acabado n\u00edtido y secado r\u00e1pido. Dise\u00f1ados especialmente para ser usados sin riesgo con ni\u00f1os, desde preescolar. Se pueden mezclar entre s\u00ed para crear nuevos colores, pr\u00e1cticamente para cualquier superficie indelebles es decir que no se remueven.<\/p>\n<p>*** Los colores aqu\u00ed mostrados son aproximados a los reales.<\/p>\n<\/div>\n","protected":false},"excerpt":{"rendered":"<p>Acr\u00edlicos Nacarados Met\u00e1licos 30 ML<\/p>\n","protected":false},"featured_media":2382,"template":"","meta":{"spay_email":""},"class_list":["post-2325","product","type-product","status-publish","has-post-thumbnail","hentry","product_cat-acrilicos","product_tag-base-agua","product_tag-escuela","product_tag-infantil","product_tag-manualidades","product_tag-nacarados","product_tag-pintura-para-ninos"],"_links":{"self":[{"href":"https:\/\/www.manualidadesdemart.com\/wp\/wp-json\/wp\/v2\/product\/2325","targetHints":{"allow":["GET"]}}],"collection":[{"href":"https:\/\/www.manualidadesdemart.com\/wp\/wp-json\/wp\/v2\/product"}],"about":[{"href":"https:\/\/www.manualidadesdemart.com\/wp\/wp-json\/wp\/v2\/types\/product"}],"wp:featuredmedia":[{"embeddable":true,"href":"https:\/\/www.manualidadesdemart.com\/wp\/wp-json\/wp\/v2\/media\/2382"}],"wp:attachment":[{"href":"https:\/\/www.manualidadesdemart.com\/wp\/wp-json\/wp\/v2\/media?parent=2325"}],"curies":[{"name":"wp","href":"https:\/\/api.w.org\/{rel}","templated":true}]}}